{"id":56,"date":"2026-03-04T13:49:40","date_gmt":"2026-03-04T12:49:40","guid":{"rendered":"https:\/\/www.itsvalue.com\/?page_id=56"},"modified":"2026-03-30T10:44:51","modified_gmt":"2026-03-30T08:44:51","slug":"academie","status":"publish","type":"page","link":"https:\/\/www.itsvalue.com\/nl\/services\/finops\/academy\/","title":{"rendered":"Academie"},"content":{"rendered":"<section class=\"section\" id=\"section_1037858750\">\n\t\t<div class=\"section-bg fill\" >\n\t\t\t<img loading=\"lazy\" decoding=\"async\" width=\"2560\" height=\"1277\" src=\"https:\/\/www.itsvalue.com\/wp-content\/uploads\/2026\/03\/group-of-business-2026-01-07-02-10-35-utc-scaled.jpg\" class=\"bg attachment- size-\" alt=\"\" \/>\t\t\t\t\t\t<div class=\"section-bg-overlay absolute fill\"><\/div>\n\t\t\t\n\n\t\t<\/div>\n\n\t\t\n\n\t\t<div class=\"section-content relative\">\n\t\t\t\n<div class=\"row\"  id=\"row-1740897562\">\n\n\t<div id=\"col-593152754\" class=\"col small-12 large-12\"  >\n\t\t\t\t<div class=\"col-inner\"  >\n\t\t\t\n\t\t\t\n<h1>Academie<\/h1>\n\t<div id=\"text-216615903\" class=\"text witteschaduw\">\n\t\t\n<p><strong>Beslissers inschakelen, niet alleen hulpmiddelen <\/strong><\/p>\n\t\t\n<style>\n#text-216615903 {\n  font-size: 1.4rem;\n  color: #023b7e;\n}\n#text-216615903 > * {\n  color: #023b7e;\n}\n<\/style>\n\t<\/div>\n\t\n\t\t<\/div>\n\t\t\t\t\n<style>\n#col-593152754 > .col-inner {\n  padding: 0px 0px 0px 30px;\n}\n<\/style>\n\t<\/div>\n\n\t\n<\/div>\n\t\t<\/div>\n\n\t\t\n<style>\n#section_1037858750 {\n  padding-top: 30px;\n  padding-bottom: 30px;\n  min-height: 400px;\n}\n#section_1037858750 .section-bg-overlay {\n  background-color: rgba(255, 255, 255, 0.657);\n}\n#section_1037858750 .section-bg img {\n  object-position: 75% 5%;\n}\n<\/style>\n\t<\/section>\n\t\n\n\t<section class=\"section\" id=\"section_1478388533\">\n\t\t<div class=\"section-bg fill\" >\n\t\t\t\t\t\t\t\t\t\n\t\t\t\n\n\t\t<\/div>\n\n\t\t\n\n\t\t<div class=\"section-content relative\">\n\t\t\t\n<div class=\"row align-middle\"  id=\"row-1294726085\">\n\n\t<div id=\"col-1136782763\" class=\"col medium-6 small-12 large-6\"  >\n\t\t\t\t<div class=\"col-inner\"  >\n\t\t\t\n\t\t\t\n<h2>Wat zijn FinOps-trainingsprogramma's?<\/h2>\n<p>Onze FinOps-trainingsprogramma's zijn ontworpen om in de hele organisatie praktische vaardigheden op te bouwen, zodat teams beter ge\u00efnformeerde beslissingen kunnen nemen over clouduitgaven, prestaties en bedrijfswaarde.<\/p>\n<p>We combineren erkende FinOps certificeringstrainingen met op maat gemaakte, op persona's gebaseerde enablement, afgestemd op de tooling, rollen en verantwoordelijkheden binnen uw organisatie.<br \/>\nDe focus ligt niet alleen op kennisoverdracht, maar op het toepassen van FinOps in de dagelijkse besluitvorming.<\/p>\n\t\t<\/div>\n\t\t\t\t\n<style>\n#col-1136782763 > .col-inner {\n  padding: 30px 30px 0px 30px;\n}\n<\/style>\n\t<\/div>\n\n\t\n\n\t<div id=\"col-1124898203\" class=\"col medium-6 small-12 large-6\"  >\n\t\t\t\t<div class=\"col-inner dark\" style=\"background-color:#023b7e;\" >\n\t\t\t\n\t\t\t\n<p><strong>Een FinOps Assessment is de juiste keuze wanneer:<\/strong><\/p>\n<ul>\n<li>Teams missen een gedeeld begrip van FinOps concepten<\/li>\n<li>Financi\u00ebn, IT en techniek hebben moeite om op \u00e9\u00e9n lijn te komen bij beslissingen over cloudkosten<\/li>\n<li>Leiderschap heeft beter inzicht nodig in waarde, afwegingen en verantwoordelijkheid<\/li>\n<li>Tooling is aanwezig, maar adoptie en gebruik blijven beperkt<\/li>\n<li>Je wilt FinOps-praktijken duurzaam verankeren in verschillende functies<\/li>\n<\/ul>\n\t\t<\/div>\n\t\t\t\t\n<style>\n#col-1124898203 > .col-inner {\n  padding: 30px 30px 30px 30px;\n  border-radius: 20px;\n}\n<\/style>\n\t<\/div>\n\n\t\n<\/div>\n\t\t<\/div>\n\n\t\t\n<style>\n#section_1478388533 {\n  padding-top: 30px;\n  padding-bottom: 30px;\n}\n<\/style>\n\t<\/section>\n\t\n\n\t<section class=\"section\" id=\"section_348962698\">\n\t\t<div class=\"section-bg fill\" >\n\t\t\t\t\t\t\t\t\t\n\t\t\t\n\n\t\t<\/div>\n\n\t\t\t<div class=\"ux-shape-divider ux-shape-divider--top ux-shape-divider--style-waves-opacity\">\n\t\t<svg viewbox=\"0 0 1000 300\" xmlns=\"http:\/\/www.w3.org\/2000\/svg\" preserveaspectratio=\"none\">\n    <path class=\"ux-shape-fill\" d=\"M0 300L-1 69.71C216 57 299.47 198.86 403 226C506 253 577 196 660 197C740 198 790.09 234.07 874 267C935.23 291 982 282.61 1000 277.61V300H0Z\"\/>\n    <path class=\"ux-shape-fill\" opacity=\"0.5\" d=\"M1 265.094L0 50.5C217 37.79 300.47 186.36 404 213.5C507 240.5 578 196.5 661 197.5C741 198.5 787.59 239.57 871.5 272.5C932.73 296.5 980.5 284.5 998.5 279.5V298.5L1 265.094Z\"\/>\n    <path class=\"ux-shape-fill\" opacity=\"0.15\" d=\"M0.999878 244.094L-0.00012207 27C217 14.29 300.47 173.86 404 201C507 228 578 196 661 197C741 198 787.59 243.07 871.5 276C932.73 300 980.5 284.5 998.5 279.5V299L0.999878 244.094Z\"\/>\n<\/svg>\n\n\t<\/div>\n\n\t<div class=\"ux-shape-divider ux-shape-divider--bottom ux-shape-divider--style-waves-opacity-2\">\n\t\t<svg viewbox=\"0 0 1000 300\" xmlns=\"http:\/\/www.w3.org\/2000\/svg\" preserveaspectratio=\"none\">\n  <path class=\"ux-shape-fill\" opacity=\"0.15\" d=\"M0 299L-2 19.9998C153 -16.0002 308 155 413 184C515.64 212.35 562 152 645 153C725 154 787 206 874 233C939.54 253.34 975 248 1000 244.61V299H0Z\"\/>\n  <path class=\"ux-shape-fill\" opacity=\"0.3\" d=\"M0 300L-2 34C155 -9.00003 300 178 403 212C504.11 245.38 562 165 645 166C725 167 790.09 220.07 874 253C939.21 278.59 978.07 269.72 1000 263.61V300H0Z\"\/>\n  <path class=\"ux-shape-fill\" d=\"M0 300L-1 69.7099C216 56.9999 299.47 198.86 403 226C506 253 577 196 660 197C740 198 790.09 234.07 874 267C935.23 291 982 282.61 1000 277.61V300H0Z\"\/>\n<\/svg>\n\t<\/div>\n\n\t\t<div class=\"section-content relative\">\n\t\t\t\n<div class=\"row align-middle\"  id=\"row-62657755\">\n\n\t<div id=\"col-92256815\" class=\"col medium-6 small-12 large-6\"  >\n\t\t\t\t<div class=\"col-inner\"  >\n\t\t\t\n\t\t\t\n\t<div class=\"img has-hover afronden x md-x lg-x y md-y lg-y\" id=\"image_2068501115\">\n\t\t\t\t\t\t<div data-animate=\"fadeInUp\">\t\t<div class=\"img-inner dark\" >\n\t\t\t<img loading=\"lazy\" decoding=\"async\" width=\"1020\" height=\"680\" src=\"https:\/\/www.itsvalue.com\/wp-content\/uploads\/2026\/03\/group-of-diverse-business-people-in-conference-mee-2026-01-07-07-09-22-utc-1024x683.jpg\" class=\"attachment-large size-large\" alt=\"\" srcset=\"https:\/\/www.itsvalue.com\/wp-content\/uploads\/2026\/03\/group-of-diverse-business-people-in-conference-mee-2026-01-07-07-09-22-utc-1024x683.jpg 1024w, https:\/\/www.itsvalue.com\/wp-content\/uploads\/2026\/03\/group-of-diverse-business-people-in-conference-mee-2026-01-07-07-09-22-utc-300x200.jpg 300w, https:\/\/www.itsvalue.com\/wp-content\/uploads\/2026\/03\/group-of-diverse-business-people-in-conference-mee-2026-01-07-07-09-22-utc-768x512.jpg 768w, https:\/\/www.itsvalue.com\/wp-content\/uploads\/2026\/03\/group-of-diverse-business-people-in-conference-mee-2026-01-07-07-09-22-utc-1536x1024.jpg 1536w, https:\/\/www.itsvalue.com\/wp-content\/uploads\/2026\/03\/group-of-diverse-business-people-in-conference-mee-2026-01-07-07-09-22-utc-2048x1365.jpg 2048w\" sizes=\"auto, (max-width: 1020px) 100vw, 1020px\" \/>\t\t\t\t\t\t\n\t\t\t\t\t<\/div>\n\t\t<\/div>\t\t\t\t\t\t\n<style>\n#image_2068501115 {\n  width: 100%;\n}\n<\/style>\n\t<\/div>\n\t\n\t\t<\/div>\n\t\t\t\t\n<style>\n#col-92256815 > .col-inner {\n  margin: 0px 0px 0px 0px;\n}\n@media (min-width:550px) {\n  #col-92256815 > .col-inner {\n    margin: -100px 0px 0px 0px;\n  }\n}\n<\/style>\n\t<\/div>\n\n\t\n\n\t<div id=\"col-879864417\" class=\"col medium-6 small-12 large-6\"  >\n\t\t\t\t<div class=\"col-inner dark\"  >\n\t\t\t\n\t\t\t\n\t<div id=\"gap-1448123338\" class=\"gap-element clearfix\" style=\"display:block; height:auto;\">\n\t\t\n<style>\n#gap-1448123338 {\n  padding-top: 0px;\n}\n@media (min-width:550px) {\n  #gap-1448123338 {\n    padding-top: 70px;\n  }\n}\n<\/style>\n\t<\/div>\n\t\n<h2>Onze leveringsaanpak<\/h2>\n<p>We geven trainingen die rolgebaseerd en praktisch zijn en direct toepasbaar in uw organisatie.<\/p>\n<p>Trainingsprogramma's kunnen bestaan uit:<\/p>\n<ul>\n<li><strong>Gecertificeerde FinOps Practitioner training<\/strong><br \/>\nOffici\u00eble FinOps certificeringstraining, inclusief voorbereiding op het certificeringsexamen, gegeven door gecertificeerde FinOps instructeurs.<\/li>\n<li><strong>Persoonlijke trainingen en workshops<\/strong><br \/>\nOp maat gemaakte sessies voor specifieke rollen, zoals managers en leidinggevenden, financi\u00eble professionals, engineers en applicatie-eigenaren.<\/li>\n<li><strong>Interactieve en hands-on formaten<\/strong><br \/>\nWorkshops, casusbesprekingen en oefeningen gebaseerd op scenario's uit de echte wereld en de context van uw organisatie.<\/li>\n<\/ul>\n<p>Training kan worden gegeven <strong>ter plaatse of virtueel<\/strong> en afgestemd op uw bestaande FinOps-initiatieven.<\/p>\n\t\t<\/div>\n\t\t\t\t\n<style>\n#col-879864417 > .col-inner {\n  padding: 30px 30px 30px 30px;\n}\n<\/style>\n\t<\/div>\n\n\t\n<\/div>\n\t\t<\/div>\n\n\t\t\n<style>\n#section_348962698 {\n  padding-top: 30px;\n  padding-bottom: 30px;\n  background-color: #023b7e;\n}\n#section_348962698 .ux-shape-divider--top svg {\n  height: 150px;\n  --divider-top-width: 100%;\n}\n#section_348962698 .ux-shape-divider--bottom svg {\n  height: 150px;\n  --divider-width: 300%;\n}\n@media (min-width:550px) {\n  #section_348962698 .ux-shape-divider--bottom svg {\n    --divider-width: 100%;\n  }\n}\n<\/style>\n\t<\/section>\n\t\n\n\t<section class=\"section\" id=\"section_1222597003\">\n\t\t<div class=\"section-bg fill\" >\n\t\t\t\t\t\t\t\t\t\n\t\t\t\n\n\t\t<\/div>\n\n\t\t\n\n\t\t<div class=\"section-content relative\">\n\t\t\t\n<div class=\"row align-middle\"  id=\"row-1796642382\">\n\n\t<div id=\"col-54062853\" class=\"col medium-8 small-12 large-8\"  >\n\t\t\t\t<div class=\"col-inner\"  >\n\t\t\t\n\t\t\t\n<h2>Wat FinOps as a Service oplevert<\/h2>\n<div class=\"row\"  id=\"row-185276531\">\n\n\t<div id=\"col-1414935425\" class=\"col medium-6 small-12 large-6\"  >\n\t\t\t\t<div class=\"col-inner box-shadow-2 box-shadow-4-hover\" style=\"background-color:rgb(255,255,255);\" >\n\t\t\t\n\t\t\t\n<p><strong>1. Verbeterde besluitvaardigheid<br \/>\n<\/strong>Deelnemers krijgen een duidelijk inzicht in hoe cloudkosten zich verhouden tot bedrijfswaarde, waardoor betere afwegingen kunnen worden gemaakt tussen kosten, prestaties en risico's.<\/p>\n\t\t<\/div>\n\t\t\t\t\n<style>\n#col-1414935425 > .col-inner {\n  padding: 30px 30px 30px 30px;\n  border-radius: 20px;\n}\n<\/style>\n\t<\/div>\n\n\t\n\n\t<div id=\"col-1001981127\" class=\"col medium-6 small-12 large-6\"  >\n\t\t\t\t<div class=\"col-inner box-shadow-2 box-shadow-4-hover\"  >\n\t\t\t\n\t\t\t\n<p><strong>2. Gedeelde taal voor alle rollen<br \/>\n<\/strong>Financi\u00ebn, IT en techniek ontwikkelen een gemeenschappelijk vocabulaire en begrip, waardoor wrijving wordt verminderd en de samenwerking wordt verbeterd.<\/p>\n\t\t<\/div>\n\t\t\t\t\n<style>\n#col-1001981127 > .col-inner {\n  padding: 30px 30px 30px 30px;\n  border-radius: 20px;\n}\n<\/style>\n\t<\/div>\n\n\t\n\n\t<div id=\"col-759399582\" class=\"col medium-6 small-12 large-6\"  >\n\t\t\t\t<div class=\"col-inner box-shadow-2 box-shadow-4-hover\"  >\n\t\t\t\n\t\t\t\n<p><strong>3. Toegenomen toepassing van FinOps-praktijken<br \/>\n<\/strong>Teams zijn beter uitgerust om tooling, processen en governance effectief te gebruiken in hun dagelijkse werk.<\/p>\n\t\t<\/div>\n\t\t\t\t\n<style>\n#col-759399582 > .col-inner {\n  padding: 30px 30px 30px 30px;\n  border-radius: 20px;\n}\n<\/style>\n\t<\/div>\n\n\t\n\n\t<div id=\"col-2034500809\" class=\"col medium-6 small-12 large-6\"  >\n\t\t\t\t<div class=\"col-inner box-shadow-2 box-shadow-4-hover\"  >\n\t\t\t\n\t\t\t\n<p><strong>4. Duurzame activering<br \/>\n<\/strong>Kennis is ingebed in verschillende rollen en functies, waardoor men minder afhankelijk is van individuele experts.<\/p>\n\t\t<\/div>\n\t\t\t\t\n<style>\n#col-2034500809 > .col-inner {\n  padding: 30px 30px 30px 30px;\n  border-radius: 20px;\n}\n<\/style>\n\t<\/div>\n\n\t\n\n\t<div id=\"col-584057734\" class=\"col small-12 large-12\"  >\n\t\t\t\t<div class=\"col-inner\"  >\n\t\t\t\n\t\t\t\n<p><strong>Flexibele indelingen, afgestemd op uw behoeften<br \/>\n<\/strong>FinOps Trainingsprogramma's kunnen worden geleverd als op zichzelf staande trainingssessies, als onderdeel van een bredere FinOps Assignment of als doorlopende enablement.<\/p>\n\t\t<\/div>\n\t\t\t\t\t<\/div>\n\n\t\n<\/div>\n\t\t<\/div>\n\t\t\t\t\n<style>\n#col-54062853 > .col-inner {\n  padding: 30px 30px 30px 30px;\n}\n<\/style>\n\t<\/div>\n\n\t\n\n\t<div id=\"col-1090815492\" class=\"col medium-4 small-12 large-4 small-col-first\"  >\n\t\t\t\t<div class=\"col-inner text-center\"  >\n\t\t\t\n\t\t\t\n\t<div class=\"img has-hover afronden x md-x lg-x y md-y lg-y\" id=\"image_1764990146\">\n\t\t\t\t\t\t<div data-animate=\"fadeInUp\">\t\t<div class=\"img-inner image-cover dark\" style=\"padding-top:100%;\">\n\t\t\t<img loading=\"lazy\" decoding=\"async\" width=\"342\" height=\"342\" src=\"https:\/\/www.itsvalue.com\/wp-content\/uploads\/2026\/03\/FinOps_certified.png\" class=\"attachment-original size-original\" alt=\"\" srcset=\"https:\/\/www.itsvalue.com\/wp-content\/uploads\/2026\/03\/FinOps_certified.png 342w, https:\/\/www.itsvalue.com\/wp-content\/uploads\/2026\/03\/FinOps_certified-300x300.png 300w, https:\/\/www.itsvalue.com\/wp-content\/uploads\/2026\/03\/FinOps_certified-150x150.png 150w\" sizes=\"auto, (max-width: 342px) 100vw, 342px\" \/>\t\t\t\t\t\t\n\t\t\t\t\t<\/div>\n\t\t<\/div>\t\t\t\t\t\t\n<style>\n#image_1764990146 {\n  width: 76%;\n}\n<\/style>\n\t<\/div>\n\t\n\t\t<\/div>\n\t\t\t\t\t<\/div>\n\n\t\n\n\t<div id=\"col-1060854811\" class=\"col small-12 large-12 small-col-first\"  >\n\t\t\t\t<div class=\"col-inner text-center\"  >\n\t\t\t\n\t\t\t\n\t<div id=\"text-3299755061\" class=\"text\">\n\t\t\n\t\t\n<style>\n#text-3299755061 {\n  text-align: left;\n}\n<\/style>\n\t<\/div>\n\t\n\t\t<\/div>\n\t\t\t\t\n<style>\n#col-1060854811 > .col-inner {\n  padding: 0px 30px 0px 30px;\n}\n<\/style>\n\t<\/div>\n\n\t\n<\/div>\n\t\t<\/div>\n\n\t\t\n<style>\n#section_1222597003 {\n  padding-top: 30px;\n  padding-bottom: 30px;\n}\n<\/style>\n\t<\/section>\n\t\n\n\t<section class=\"section gradient\" id=\"section_271961753\">\n\t\t<div class=\"section-bg fill\" >\n\t\t\t\t\t\t\t\t\t\n\t\t\t\n\n\t\t<\/div>\n\n\t\t\n\n\t\t<div class=\"section-content relative\">\n\t\t\t\n\n<div class=\"row align-middle\"  id=\"row-591075725\">\n\n\n\t<div id=\"col-1327682073\" class=\"col medium-3 small-12 large-3\"  >\n\t\t\t\t<div class=\"col-inner text-center dark\"  >\n\t\t\t\n\t\t\t\n\n\t<div class=\"img has-hover afronden x md-x lg-x y md-y lg-y\" id=\"image_1776767912\">\n\t\t\t\t\t\t\t\t<div class=\"img-inner image-cover dark\" style=\"padding-top:100%;\">\n\t\t\t<img loading=\"lazy\" decoding=\"async\" width=\"710\" height=\"710\" src=\"https:\/\/www.itsvalue.com\/wp-content\/uploads\/2026\/03\/GuidoVanLammeren-0700-710px.jpg\" class=\"attachment-large size-large\" alt=\"\" srcset=\"https:\/\/www.itsvalue.com\/wp-content\/uploads\/2026\/03\/GuidoVanLammeren-0700-710px.jpg 710w, https:\/\/www.itsvalue.com\/wp-content\/uploads\/2026\/03\/GuidoVanLammeren-0700-710px-300x300.jpg 300w, https:\/\/www.itsvalue.com\/wp-content\/uploads\/2026\/03\/GuidoVanLammeren-0700-710px-150x150.jpg 150w, https:\/\/www.itsvalue.com\/wp-content\/uploads\/2026\/03\/GuidoVanLammeren-0700-710px-12x12.jpg 12w\" sizes=\"auto, (max-width: 710px) 100vw, 710px\" \/>\t\t\t\t\t\t\n\t\t\t\t\t<\/div>\n\t\t\t\t\t\t\t\t\n<style>\n#image_1776767912 {\n  width: 100%;\n}\n<\/style>\n\t<\/div>\n\t\n\n\n\t\t<\/div>\n\t\t\t\t\n<style>\n#col-1327682073 > .col-inner {\n  padding: 30px 30px 0px 30px;\n}\n<\/style>\n\t<\/div>\n\n\t\n\n\t<div id=\"col-206951347\" class=\"col medium-9 small-12 large-9\"  >\n\t\t\t\t<div class=\"col-inner dark\"  >\n\t\t\t\n\t\t\t\n\n\t<div id=\"text-996875232\" class=\"text\">\n\t\t\n\n<h3>Vragen over dit onderwerp? Neem contact met ons op: <\/h3>\n\t\t\n<style>\n#text-996875232 {\n  font-size: 1.25rem;\n}\n@media (min-width:550px) {\n  #text-996875232 {\n    font-size: 1.6rem;\n  }\n}\n<\/style>\n\t<\/div>\n\t\n<a href=\"mailto:%20guido.vanlammeren@itsvalue.com\" class=\"button secondary\" style=\"border-radius:10px;\">\n\t<i class=\"icon-envelop\" aria-hidden=\"true\"><\/i>\t<span>GUIDO VAN LAMMEREN<\/span>\n\t<\/a>\n\n\n\n\t\t<\/div>\n\t\t\t\t\n<style>\n#col-206951347 > .col-inner {\n  padding: 30px 30px 0px 30px;\n}\n<\/style>\n\t<\/div>\n\n\t\n\n<\/div>\n\n\t\t<\/div>\n\n\t\t\n<style>\n#section_271961753 {\n  padding-top: 0px;\n  padding-bottom: 0px;\n}\n<\/style>\n\t<\/section>\n\t\n\t<div id=\"gap-1581076106\" class=\"gap-element clearfix\" style=\"display:block; height:auto;\">\n\t\t\n<style>\n#gap-1581076106 {\n  padding-top: 30px;\n}\n<\/style>\n\t<\/div>","protected":false},"excerpt":{"rendered":"","protected":false},"author":1,"featured_media":0,"parent":32,"menu_order":0,"comment_status":"closed","ping_status":"closed","template":"page-blank.php","meta":{"footnotes":""},"class_list":["post-56","page","type-page","status-publish","hentry"],"yoast_head":"<!-- This site is optimized with the Yoast SEO plugin v27.5 - https:\/\/yoast.com\/product\/yoast-seo-wordpress\/ -->\n<title>Academy - It&#039;s Value<\/title>\n<meta name=\"robots\" content=\"index, follow, max-snippet:-1, max-image-preview:large, max-video-preview:-1\" \/>\n<link rel=\"canonical\" href=\"https:\/\/www.itsvalue.com\/nl\/diensten\/finops\/academie\/\" \/>\n<meta property=\"og:locale\" content=\"nl_NL\" \/>\n<meta property=\"og:type\" content=\"article\" \/>\n<meta property=\"og:title\" content=\"Academy - It&#039;s Value\" \/>\n<meta property=\"og:url\" content=\"https:\/\/www.itsvalue.com\/nl\/diensten\/finops\/academie\/\" \/>\n<meta property=\"og:site_name\" content=\"It&#039;s Value\" \/>\n<meta property=\"article:modified_time\" content=\"2026-03-30T08:44:51+00:00\" \/>\n<meta property=\"og:image\" content=\"https:\/\/www.itsvalue.com\/wp-content\/uploads\/2026\/03\/Scherm\u00adafbeelding-2026-03-26-om-11.05.36-1024x532.png\" \/>\n\t<meta property=\"og:image:width\" content=\"1024\" \/>\n\t<meta property=\"og:image:height\" content=\"532\" \/>\n\t<meta property=\"og:image:type\" content=\"image\/png\" \/>\n<meta name=\"twitter:card\" content=\"summary_large_image\" \/>\n<meta name=\"twitter:site\" content=\"@itsvalue\" \/>\n<meta name=\"twitter:label1\" content=\"Geschatte leestijd\" \/>\n\t<meta name=\"twitter:data1\" content=\"3 minuten\" \/>\n<script type=\"application\/ld+json\" class=\"yoast-schema-graph\">{\"@context\":\"https:\\\/\\\/schema.org\",\"@graph\":[{\"@type\":\"WebPage\",\"@id\":\"https:\\\/\\\/www.itsvalue.com\\\/services\\\/finops\\\/academy\\\/\",\"url\":\"https:\\\/\\\/www.itsvalue.com\\\/services\\\/finops\\\/academy\\\/\",\"name\":\"Academy - It&#039;s Value\",\"isPartOf\":{\"@id\":\"https:\\\/\\\/www.itsvalue.com\\\/#website\"},\"datePublished\":\"2026-03-04T12:49:40+00:00\",\"dateModified\":\"2026-03-30T08:44:51+00:00\",\"breadcrumb\":{\"@id\":\"https:\\\/\\\/www.itsvalue.com\\\/services\\\/finops\\\/academy\\\/#breadcrumb\"},\"inLanguage\":\"nl-NL\",\"potentialAction\":[{\"@type\":\"ReadAction\",\"target\":[\"https:\\\/\\\/www.itsvalue.com\\\/services\\\/finops\\\/academy\\\/\"]}]},{\"@type\":\"BreadcrumbList\",\"@id\":\"https:\\\/\\\/www.itsvalue.com\\\/services\\\/finops\\\/academy\\\/#breadcrumb\",\"itemListElement\":[{\"@type\":\"ListItem\",\"position\":1,\"name\":\"Home\",\"item\":\"https:\\\/\\\/www.itsvalue.com\\\/\"},{\"@type\":\"ListItem\",\"position\":2,\"name\":\"Services\",\"item\":\"https:\\\/\\\/www.itsvalue.com\\\/services\\\/\"},{\"@type\":\"ListItem\",\"position\":3,\"name\":\"FinOps\",\"item\":\"https:\\\/\\\/www.itsvalue.com\\\/services\\\/finops\\\/\"},{\"@type\":\"ListItem\",\"position\":4,\"name\":\"Academy\"}]},{\"@type\":\"WebSite\",\"@id\":\"https:\\\/\\\/www.itsvalue.com\\\/#website\",\"url\":\"https:\\\/\\\/www.itsvalue.com\\\/\",\"name\":\"It&#039;s Value\",\"description\":\"Turning IT into Business Value\",\"publisher\":{\"@id\":\"https:\\\/\\\/www.itsvalue.com\\\/#organization\"},\"potentialAction\":[{\"@type\":\"SearchAction\",\"target\":{\"@type\":\"EntryPoint\",\"urlTemplate\":\"https:\\\/\\\/www.itsvalue.com\\\/?s={search_term_string}\"},\"query-input\":{\"@type\":\"PropertyValueSpecification\",\"valueRequired\":true,\"valueName\":\"search_term_string\"}}],\"inLanguage\":\"nl-NL\"},{\"@type\":\"Organization\",\"@id\":\"https:\\\/\\\/www.itsvalue.com\\\/#organization\",\"name\":\"It's Value\",\"url\":\"https:\\\/\\\/www.itsvalue.com\\\/\",\"logo\":{\"@type\":\"ImageObject\",\"inLanguage\":\"nl-NL\",\"@id\":\"https:\\\/\\\/www.itsvalue.com\\\/#\\\/schema\\\/logo\\\/image\\\/\",\"url\":\"https:\\\/\\\/www.itsvalue.com\\\/wp-content\\\/uploads\\\/2026\\\/03\\\/Logo-ItsValue-gecentreerd-3.png\",\"contentUrl\":\"https:\\\/\\\/www.itsvalue.com\\\/wp-content\\\/uploads\\\/2026\\\/03\\\/Logo-ItsValue-gecentreerd-3.png\",\"width\":2550,\"height\":451,\"caption\":\"It's Value\"},\"image\":{\"@id\":\"https:\\\/\\\/www.itsvalue.com\\\/#\\\/schema\\\/logo\\\/image\\\/\"},\"sameAs\":[\"https:\\\/\\\/x.com\\\/itsvalue\",\"https:\\\/\\\/www.linkedin.com\\\/company\\\/its-value\\\/\",\"https:\\\/\\\/www.youtube.com\\\/channel\\\/UC1wL31VlMLU-KOaoxjUXN2A\"]}]}<\/script>\n<!-- \/ Yoast SEO plugin. -->","yoast_head_json":{"title":"Academie - It's Value","robots":{"index":"index","follow":"follow","max-snippet":"max-snippet:-1","max-image-preview":"max-image-preview:large","max-video-preview":"max-video-preview:-1"},"canonical":"https:\/\/www.itsvalue.com\/nl\/diensten\/finops\/academie\/","og_locale":"nl_NL","og_type":"article","og_title":"Academy - It&#039;s Value","og_url":"https:\/\/www.itsvalue.com\/nl\/diensten\/finops\/academie\/","og_site_name":"It&#039;s Value","article_modified_time":"2026-03-30T08:44:51+00:00","og_image":[{"width":1024,"height":532,"url":"https:\/\/www.itsvalue.com\/wp-content\/uploads\/2026\/03\/Scherm\u00adafbeelding-2026-03-26-om-11.05.36-1024x532.png","type":"image\/png"}],"twitter_card":"summary_large_image","twitter_site":"@itsvalue","twitter_misc":{"Geschatte leestijd":"3 minuten"},"schema":{"@context":"https:\/\/schema.org","@graph":[{"@type":"WebPage","@id":"https:\/\/www.itsvalue.com\/services\/finops\/academy\/","url":"https:\/\/www.itsvalue.com\/services\/finops\/academy\/","name":"Academie - It's Value","isPartOf":{"@id":"https:\/\/www.itsvalue.com\/#website"},"datePublished":"2026-03-04T12:49:40+00:00","dateModified":"2026-03-30T08:44:51+00:00","breadcrumb":{"@id":"https:\/\/www.itsvalue.com\/services\/finops\/academy\/#breadcrumb"},"inLanguage":"nl-NL","potentialAction":[{"@type":"ReadAction","target":["https:\/\/www.itsvalue.com\/services\/finops\/academy\/"]}]},{"@type":"BreadcrumbList","@id":"https:\/\/www.itsvalue.com\/services\/finops\/academy\/#breadcrumb","itemListElement":[{"@type":"ListItem","position":1,"name":"Home","item":"https:\/\/www.itsvalue.com\/"},{"@type":"ListItem","position":2,"name":"Services","item":"https:\/\/www.itsvalue.com\/services\/"},{"@type":"ListItem","position":3,"name":"FinOps","item":"https:\/\/www.itsvalue.com\/services\/finops\/"},{"@type":"ListItem","position":4,"name":"Academy"}]},{"@type":"WebSite","@id":"https:\/\/www.itsvalue.com\/#website","url":"https:\/\/www.itsvalue.com\/","name":"It's Value","description":"IT omzetten in bedrijfswaarde","publisher":{"@id":"https:\/\/www.itsvalue.com\/#organization"},"potentialAction":[{"@type":"SearchAction","target":{"@type":"EntryPoint","urlTemplate":"https:\/\/www.itsvalue.com\/?s={search_term_string}"},"query-input":{"@type":"PropertyValueSpecification","valueRequired":true,"valueName":"search_term_string"}}],"inLanguage":"nl-NL"},{"@type":"Organization","@id":"https:\/\/www.itsvalue.com\/#organization","name":"De waarde","url":"https:\/\/www.itsvalue.com\/","logo":{"@type":"ImageObject","inLanguage":"nl-NL","@id":"https:\/\/www.itsvalue.com\/#\/schema\/logo\/image\/","url":"https:\/\/www.itsvalue.com\/wp-content\/uploads\/2026\/03\/Logo-ItsValue-gecentreerd-3.png","contentUrl":"https:\/\/www.itsvalue.com\/wp-content\/uploads\/2026\/03\/Logo-ItsValue-gecentreerd-3.png","width":2550,"height":451,"caption":"It's Value"},"image":{"@id":"https:\/\/www.itsvalue.com\/#\/schema\/logo\/image\/"},"sameAs":["https:\/\/x.com\/itsvalue","https:\/\/www.linkedin.com\/company\/its-value\/","https:\/\/www.youtube.com\/channel\/UC1wL31VlMLU-KOaoxjUXN2A"]}]}},"_links":{"self":[{"href":"https:\/\/www.itsvalue.com\/nl\/wp-json\/wp\/v2\/pages\/56","targetHints":{"allow":["GET"]}}],"collection":[{"href":"https:\/\/www.itsvalue.com\/nl\/wp-json\/wp\/v2\/pages"}],"about":[{"href":"https:\/\/www.itsvalue.com\/nl\/wp-json\/wp\/v2\/types\/page"}],"author":[{"embeddable":true,"href":"https:\/\/www.itsvalue.com\/nl\/wp-json\/wp\/v2\/users\/1"}],"replies":[{"embeddable":true,"href":"https:\/\/www.itsvalue.com\/nl\/wp-json\/wp\/v2\/comments?post=56"}],"version-history":[{"count":21,"href":"https:\/\/www.itsvalue.com\/nl\/wp-json\/wp\/v2\/pages\/56\/revisions"}],"predecessor-version":[{"id":1059,"href":"https:\/\/www.itsvalue.com\/nl\/wp-json\/wp\/v2\/pages\/56\/revisions\/1059"}],"up":[{"embeddable":true,"href":"https:\/\/www.itsvalue.com\/nl\/wp-json\/wp\/v2\/pages\/32"}],"wp:attachment":[{"href":"https:\/\/www.itsvalue.com\/nl\/wp-json\/wp\/v2\/media?parent=56"}],"curies":[{"name":"wp","href":"https:\/\/api.w.org\/{rel}","templated":true}]}}