{"id":94,"date":"2026-03-04T14:17:43","date_gmt":"2026-03-04T13:17:43","guid":{"rendered":"https:\/\/www.itsvalue.com\/?page_id=94"},"modified":"2026-03-04T14:18:45","modified_gmt":"2026-03-04T13:18:45","slug":"datenschutzbestimmungen","status":"publish","type":"page","link":"https:\/\/www.itsvalue.com\/de\/privacy-policy\/","title":{"rendered":"Datenschutzbestimmungen"},"content":{"rendered":"<section class=\"section\" id=\"section_829063995\">\n\t\t<div class=\"section-bg fill\" >\n\t\t\t\t\t\t\t\t\t\n\t\t\t\n\n\t\t<\/div>\n\n\t\t\n\n\t\t<div class=\"section-content relative\">\n\t\t\t\n<div class=\"row\"  id=\"row-1933901159\">\n\n\t<div id=\"col-1850168058\" class=\"col small-12 large-12\"  >\n\t\t\t\t<div class=\"col-inner\"  >\n\t\t\t\n\t\t\t\n<h1>It's Value Datenschutzrichtlinie<\/h1>\n<p>It's Value Consultancy B.V. (d.b.a. It's Value, \u201cwir\u201d, \u201cuns\u201d oder \u201cunser\u201d) hat sich dem Ziel verschrieben, die Sicherheit und den Schutz der Privatsph\u00e4re unserer Nutzer auf unserer Website unter www.itsvalue.com und www.itsvalue.nl (unsere \u201cWebsite\u201d) zu gew\u00e4hrleisten. In dem Bestreben, dieses Ziel zu erreichen, verlangt It's Value von seinen Nutzern keine Angaben zur Person, um die meisten Bereiche und Funktionen unserer Website nutzen zu k\u00f6nnen. Wir bitten unsere Benutzer, ihren Teil zum Schutz ihrer eigenen Privatsph\u00e4re beizutragen, indem sie diese Datenschutzrichtlinie (diese \u201cDatenschutzrichtlinie\u201d) und alle datenschutzbezogenen Hinweise auf unserer Website lesen und befolgen. Diese Datenschutzrichtlinie regelt den Umgang von It's Value mit allen Informationen, die \u00fcber unsere Website gesammelt werden, und wenn Sie It's Value im Zusammenhang mit Ihrer Nutzung unserer Website kontaktieren.<\/p>\n<h2>Pers\u00f6nlich identifizierbare Informationen<\/h2>\n<p>Um Zugang zu bestimmten Bereichen unserer Website zu erhalten oder bestimmte Funktionen zu nutzen, m\u00fcssen Sie m\u00f6glicherweise personenbezogene Daten angeben, zu denen unter anderem Ihr Name, Ihre E-Mail-Adresse, Ihre Postanschrift oder Ihre Telefonnummer geh\u00f6ren k\u00f6nnen. Wenn Sie uns personenbezogene Daten \u00fcbermitteln, werden wir diese Daten f\u00fcr den Zweck verwenden, f\u00fcr den sie \u00fcbermittelt wurden. Wir k\u00f6nnen Ihre Daten auch auf andere Weise verwenden, z. B. um Sie \u00fcber andere It's Value-bezogene Aktivit\u00e4ten und\/oder Marketingkampagnen zu informieren oder wie Ihnen zum Zeitpunkt der Erfassung mitgeteilt wurde.<\/p>\n<p>Zum Beispiel:<\/p>\n<p>Sie k\u00f6nnen unsere Funktionen \u201cFrage einreichen\u201d oder \u201cBlog-Kommentar\u201d nutzen. Wenn Sie sich daf\u00fcr entscheiden, eine dieser Funktionen zu nutzen, m\u00fcssen Sie uns Ihre E-Mail-Adresse \u00fcbermitteln und haben die M\u00f6glichkeit, Ihren Namen und Ihre Adresse anzugeben; wir sammeln diese Informationen von Ihnen jedoch ausschlie\u00dflich zu dem Zweck, direkt mit Ihnen in Bezug auf Ihre Einsendung zu kommunizieren, und wir haben nicht die Absicht, Ihren Namen, Ihre E-Mail-Adresse oder andere pers\u00f6nlich identifizierbare Informationen von Ihnen auf unserer Website zu ver\u00f6ffentlichen, aber wir k\u00f6nnen solche Informationen in Kommentaren zu It's Value und\/oder unserem Insiders-Blog ver\u00f6ffentlichen. Alle Inhalte, die \u00fcber die Funktionen \u201cFrage einreichen\u201d oder \u201cBlog-Kommentar\u201d eingereicht werden, werden von uns vor der Ver\u00f6ffentlichung dieser Inhalte auf unserer Website \u00fcberpr\u00fcft. Wir werden alle wirtschaftlich vertretbaren Anstrengungen unternehmen, um alle pers\u00f6nlich identifizierbaren Informationen aus Ihren Beitr\u00e4gen auszuschlie\u00dfen, bevor wir diese Beitr\u00e4ge auf unserer Website ver\u00f6ffentlichen; die Hauptverantwortung f\u00fcr den Schutz Ihrer Privatsph\u00e4re in dieser Hinsicht liegt jedoch bei Ihnen. Um Ihre Privatsph\u00e4re zu sch\u00fctzen, bitten wir Sie, beim Zugriff auf die Funktionen \u201cFrage einreichen\u201d oder \u201cBlog-Kommentar\u201d in dem Teil Ihrer Beitr\u00e4ge, der auf unserer Website ver\u00f6ffentlicht werden soll, keine pers\u00f6nlich identifizierbaren Informationen anzugeben.<\/p>\n<p>Sie k\u00f6nnen sich daf\u00fcr entscheiden, It's Value Ihre pers\u00f6nlichen Daten zur Verf\u00fcgung zu stellen, wenn Sie mit uns in Kontakt treten, und wenn Sie sich daf\u00fcr entscheiden, werden wir die von Ihnen zur Verf\u00fcgung gestellten Daten nur zur Beantwortung Ihrer Korrespondenz verwenden.<\/p>\n<p>Sie sollten sich dar\u00fcber im Klaren sein, dass wir Drittanbieter nutzen, um Dienstleistungen auf unserer Website und in unserem Offline-Gesch\u00e4ft anzubieten. Die Informationen, die Sie auf unserer Website eingeben, k\u00f6nnen diesen Anbietern auf vertraulicher Basis zur Verf\u00fcgung gestellt werden, damit diese Anbieter in unserem Namen Dienstleistungen erbringen k\u00f6nnen (wie z. B. die Pflege unserer Datenbanken, das Versenden von E-Mail-Nachrichten oder die Durchf\u00fchrung von Marketingkampagnen). Abgesehen von den in dieser Datenschutzrichtlinie beschriebenen F\u00e4llen oder soweit dies zum Schutz der Rechte, des Eigentums und der Sicherheit unseres Unternehmens, unserer Kunden oder anderer Personen erforderlich ist, oder soweit dies zur Einhaltung geltender Gesetze erforderlich ist, werden wir Ihre personenbezogenen Daten nicht weitergeben oder verkaufen.<\/p>\n<h2>Richtigkeit der Inhalte und Informationen und Informationen Dritter<\/h2>\n<p>Sie versichern und garantieren, dass alle von Ihnen an uns \u00fcbermittelten Informationen nach bestem Wissen und Gewissen wahrheitsgem\u00e4\u00df und genau sind. Wenn Sie It's Value Informationen zur Verf\u00fcgung stellen, sollten Sie nur Informationen zu Ihrer Person angeben. Wenn Sie jedoch Informationen von Dritten \u00fcber unsere Website oder in Verbindung mit Ihrer Nutzung unserer Website \u00fcbermitteln, einschlie\u00dflich, aber nicht beschr\u00e4nkt auf E-Mail-Adressen von Dritten, sichern Sie zu und gew\u00e4hrleisten, dass Sie \u00fcber die erforderlichen Genehmigungen und Erlaubnisse verf\u00fcgen, um uns diese Informationen zur Verf\u00fcgung zu stellen und dass wir diese Informationen wie von Ihnen gew\u00fcnscht und in \u00dcbereinstimmung mit dieser Datenschutzrichtlinie verwenden und offenlegen k\u00f6nnen.<\/p>\n<h2>Cookies und automatisch gesammelte Informationen<\/h2>\n<p>Wir k\u00f6nnen Cookies, Web Beacons und \u00e4hnliche Technologien verwenden, um automatisch Informationen \u00fcber Ihre Nutzung unserer Website zu sammeln. Cookies sind Textinformationen, die ein Website-Server an Ihren Browser sendet, w\u00e4hrend Sie die Website besuchen. Cookies enthalten keine pers\u00f6nlich identifizierbaren Informationen; wenn Sie sich jedoch entschlie\u00dfen, uns pers\u00f6nlich identifizierbare Informationen zu liefern, k\u00f6nnen diese Informationen auf unseren Servern mit den im Cookie gespeicherten Daten verkn\u00fcpft werden. Web-Beacons sind kleine Datenelemente, die in Bilder auf den Seiten von Websites eingebettet sind. Cookies, Web Beacons und verwandte Technologien k\u00f6nnen die \u00dcbermittlung von Informationen entweder direkt an uns oder an eine andere Partei beinhalten, die von uns erm\u00e4chtigt wurde, Informationen in unserem Namen zu sammeln. Sie k\u00f6nnen Ihre Datenschutzeinstellungen bez\u00fcglich der Verwendung von Cookies \u00fcber Ihren Browser \u00e4ndern; das Blockieren aller Cookies beeintr\u00e4chtigt jedoch Ihr Online-Erlebnis und kann dazu f\u00fchren, dass Sie nicht alle Funktionen unserer Website nutzen k\u00f6nnen. Weitere Informationen finden Sie in der \u201cHilfe\u201d-Sektion Ihres Browsers.<\/p>\n<p>Wir erheben automatisch mehrere Kategorien von Informationen, einschlie\u00dflich, aber nicht beschr\u00e4nkt auf Ihre IP-Adresse, Informationen aus den Serverprotokollen Ihres Browsers, die Art des Webbrowsers und des Betriebssystems, das Sie verwenden, den Namen der Dom\u00e4ne und des Hosts, von dem aus Sie auf das Internet zugreifen, das Datum und die Uhrzeit, zu der Sie auf Teile unserer Website zugreifen, und die Internetadresse unserer Website, von der aus Sie direkt auf unsere Website verlinkt haben.<\/p>\n<p>Wir verwenden automatisch gesammelte Informationen, um zu analysieren und zu verstehen, wie unsere Website genutzt wird, und um die Erfahrungen der Nutzer auf unserer Website zu verbessern. Wir k\u00f6nnen von Cookies, Web Beacons und verwandten Technologien gesammelte Informationen verwenden, um beispielsweise die Besuche der Nutzer zu verfolgen und festzustellen, welche Funktionen und Seiten am h\u00e4ufigsten angefordert oder besucht werden.<\/p>\n<p>Um zu erfahren, woher die Besucher unserer Website kommen und wie sie mit unserer Website interagieren, verwenden wir Analysetools von Dritten. Die Drittparteien, die diese Analysetools bereitstellen, k\u00f6nnen anonyme Verkehrsdaten, die bei der Nutzung der Analysetools durch uns erhoben werden, gem\u00e4\u00df den Bedingungen der Datenschutzrichtlinie der Drittpartei speichern und verwenden. Wir verwenden beispielsweise Google Analytics, und Google kann gem\u00e4\u00df den Bedingungen der Google-Datenschutzrichtlinie (zu finden unter http:\/\/www.google.com\/policies\/privacy\/ oder einer anderen URL, die Google von Zeit zu Zeit zur Verf\u00fcgung stellt) anonyme Verkehrsdaten, die bei unserer Verwendung des Google Analytics-Tools erfasst werden, speichern und verwenden.<\/p>\n<p>Wir k\u00f6nnen bestimmte automatisch erfasste Informationen und nicht pers\u00f6nlich identifizierbare Informationen f\u00fcr unsere eigenen Forschungs- und Marketingzwecke zusammenfassen und verwenden. Dar\u00fcber hinaus k\u00f6nnen wir diese zusammengefassten Informationen und daraus abgeleitete statistische Daten an unsere Marketingpartner, Werbetreibende oder andere Dritte f\u00fcr deren Forschungs- und Marketingzwecke weitergeben, verkaufen, vermieten, handeln oder ver\u00f6ffentlichen.<\/p>\n<h2>Sicherheit<\/h2>\n<p>Obwohl wir unser Bestes tun, um Ihre Privatsph\u00e4re auf unserer Website zu sch\u00fctzen, sind wir auf Ihre Mitarbeit angewiesen. Sie haben die Kontrolle \u00fcber Ihre eigene Privatsph\u00e4re. Denken Sie sorgf\u00e4ltig nach, bevor Sie pers\u00f6nliche oder finanzielle Informationen online zur Verf\u00fcgung stellen. Wir setzen verschiedene angemessene physische und elektronische Ma\u00dfnahmen und Verwaltungsverfahren ein, um die von uns online erfassten personenbezogenen Daten zu sch\u00fctzen. Da es jedoch keine Ma\u00dfnahmen oder Verfahren gibt, die einen unbefugten Zugriff, eine unbefugte Nutzung oder eine unbefugte Offenlegung vollst\u00e4ndig verhindern, k\u00f6nnen wir die Sicherheit personenbezogener Daten weder gew\u00e4hrleisten noch garantieren.<\/p>\n<h2>Andere Websites<\/h2>\n<p>Unsere Website kann Links zu Websites enthalten, die Dritten geh\u00f6ren oder von ihnen betrieben werden, oder zu anderen Websites, die von uns oder unseren verbundenen Unternehmen zur Verf\u00fcgung gestellt werden und f\u00fcr die diese Datenschutzrichtlinie nicht gilt (\u201candere Websites\u201d). Diese Datenschutzrichtlinie spiegelt nicht die Praktiken der Erfassung, Verwendung und Offenlegung von Daten der anderen Websites oder der Betreiber oder Eigent\u00fcmer der anderen Websites wider. Ihre Nutzung anderer Websites und die Informationen, die Sie in Verbindung mit der Nutzung dieser anderen Websites zur Verf\u00fcgung stellen, unterliegen den Nutzungsbedingungen, Datenschutzrichtlinien und anderen zus\u00e4tzlichen Bedingungen, Hinweisen und Richtlinien, die mit diesen anderen Websites bereitgestellt werden. Um zu verstehen, wie die Eigent\u00fcmer oder Betreiber anderer Websites Informationen sammeln, verwenden, speichern und anderweitig anderen zur Verf\u00fcgung stellen, sollten Sie die Richtlinien dieser anderen Websites lesen.<\/p>\n<h2>Kommunikation Opt-Outs<\/h2>\n<p>Wenn Sie keine E-Mail-Nachrichten mehr von uns erhalten m\u00f6chten, senden Sie eine E-Mail an info@itsvalue.com, geben Sie UNSUBCRIBE in die Betreffzeile ein und Sie werden aus unseren Listen gestrichen. Um Ihre Kontaktinformationen zu \u00fcberpr\u00fcfen oder zu korrigieren oder um andere Anweisungen bez\u00fcglich der Verwendung Ihrer personenbezogenen Daten zu erteilen, kontaktieren Sie uns bitte \u00fcber info@itsvalue.com.<\/p>\n<p>Diese Datenschutzrichtlinie wurde zuletzt am 28. Januar 2020 aktualisiert.<\/p>\n<p>Wir behalten uns das Recht vor, diese Datenschutzrichtlinie jederzeit zu \u00fcberarbeiten, zu \u00e4ndern oder zu modifizieren. Wenn wir \u00c4nderungen an der Datenschutzrichtlinie vornehmen, werden wir die \u00fcberarbeitete Datenschutzrichtlinie hier ver\u00f6ffentlichen.<\/p>\n\t\t<\/div>\n\t\t\t\t\t<\/div>\n\n\t\n<\/div>\n\t\t<\/div>\n\n\t\t\n<style>\n#section_829063995 {\n  padding-top: 30px;\n  padding-bottom: 30px;\n}\n<\/style>\n\t<\/section>","protected":false},"excerpt":{"rendered":"","protected":false},"author":1,"featured_media":0,"parent":0,"menu_order":0,"comment_status":"closed","ping_status":"closed","template":"","meta":{"footnotes":""},"class_list":["post-94","page","type-page","status-publish","hentry"],"yoast_head":"<!-- This site is optimized with the Yoast SEO plugin v27.5 - https:\/\/yoast.com\/product\/yoast-seo-wordpress\/ -->\n<title>Privacy Policy - It&#039;s Value<\/title>\n<meta name=\"robots\" content=\"index, follow, max-snippet:-1, max-image-preview:large, max-video-preview:-1\" \/>\n<link rel=\"canonical\" href=\"https:\/\/www.itsvalue.com\/de\/datenschutzbestimmungen\/\" \/>\n<meta property=\"og:locale\" content=\"de_DE\" \/>\n<meta property=\"og:type\" content=\"article\" \/>\n<meta property=\"og:title\" content=\"Privacy Policy - It&#039;s Value\" \/>\n<meta property=\"og:url\" content=\"https:\/\/www.itsvalue.com\/de\/datenschutzbestimmungen\/\" \/>\n<meta property=\"og:site_name\" content=\"It&#039;s Value\" \/>\n<meta property=\"article:modified_time\" content=\"2026-03-04T13:18:45+00:00\" \/>\n<meta property=\"og:image\" content=\"https:\/\/www.itsvalue.com\/wp-content\/uploads\/2026\/03\/Scherm\u00adafbeelding-2026-03-26-om-11.05.36-1024x532.png\" \/>\n\t<meta property=\"og:image:width\" content=\"1024\" \/>\n\t<meta property=\"og:image:height\" content=\"532\" \/>\n\t<meta property=\"og:image:type\" content=\"image\/png\" \/>\n<meta name=\"twitter:card\" content=\"summary_large_image\" \/>\n<meta name=\"twitter:site\" content=\"@itsvalue\" \/>\n<meta name=\"twitter:label1\" content=\"Gesch\u00e4tzte Lesezeit\" \/>\n\t<meta name=\"twitter:data1\" content=\"7\u00a0Minuten\" \/>\n<script type=\"application\/ld+json\" class=\"yoast-schema-graph\">{\"@context\":\"https:\\\/\\\/schema.org\",\"@graph\":[{\"@type\":\"WebPage\",\"@id\":\"https:\\\/\\\/www.itsvalue.com\\\/privacy-policy\\\/\",\"url\":\"https:\\\/\\\/www.itsvalue.com\\\/privacy-policy\\\/\",\"name\":\"Privacy Policy - It&#039;s Value\",\"isPartOf\":{\"@id\":\"https:\\\/\\\/www.itsvalue.com\\\/#website\"},\"datePublished\":\"2026-03-04T13:17:43+00:00\",\"dateModified\":\"2026-03-04T13:18:45+00:00\",\"breadcrumb\":{\"@id\":\"https:\\\/\\\/www.itsvalue.com\\\/privacy-policy\\\/#breadcrumb\"},\"inLanguage\":\"de\",\"potentialAction\":[{\"@type\":\"ReadAction\",\"target\":[\"https:\\\/\\\/www.itsvalue.com\\\/privacy-policy\\\/\"]}]},{\"@type\":\"BreadcrumbList\",\"@id\":\"https:\\\/\\\/www.itsvalue.com\\\/privacy-policy\\\/#breadcrumb\",\"itemListElement\":[{\"@type\":\"ListItem\",\"position\":1,\"name\":\"Home\",\"item\":\"https:\\\/\\\/www.itsvalue.com\\\/\"},{\"@type\":\"ListItem\",\"position\":2,\"name\":\"Privacy Policy\"}]},{\"@type\":\"WebSite\",\"@id\":\"https:\\\/\\\/www.itsvalue.com\\\/#website\",\"url\":\"https:\\\/\\\/www.itsvalue.com\\\/\",\"name\":\"It&#039;s Value\",\"description\":\"Turning IT into Business Value\",\"publisher\":{\"@id\":\"https:\\\/\\\/www.itsvalue.com\\\/#organization\"},\"potentialAction\":[{\"@type\":\"SearchAction\",\"target\":{\"@type\":\"EntryPoint\",\"urlTemplate\":\"https:\\\/\\\/www.itsvalue.com\\\/?s={search_term_string}\"},\"query-input\":{\"@type\":\"PropertyValueSpecification\",\"valueRequired\":true,\"valueName\":\"search_term_string\"}}],\"inLanguage\":\"de\"},{\"@type\":\"Organization\",\"@id\":\"https:\\\/\\\/www.itsvalue.com\\\/#organization\",\"name\":\"It's Value\",\"url\":\"https:\\\/\\\/www.itsvalue.com\\\/\",\"logo\":{\"@type\":\"ImageObject\",\"inLanguage\":\"de\",\"@id\":\"https:\\\/\\\/www.itsvalue.com\\\/#\\\/schema\\\/logo\\\/image\\\/\",\"url\":\"https:\\\/\\\/www.itsvalue.com\\\/wp-content\\\/uploads\\\/2026\\\/03\\\/Logo-ItsValue-gecentreerd-3.png\",\"contentUrl\":\"https:\\\/\\\/www.itsvalue.com\\\/wp-content\\\/uploads\\\/2026\\\/03\\\/Logo-ItsValue-gecentreerd-3.png\",\"width\":2550,\"height\":451,\"caption\":\"It's Value\"},\"image\":{\"@id\":\"https:\\\/\\\/www.itsvalue.com\\\/#\\\/schema\\\/logo\\\/image\\\/\"},\"sameAs\":[\"https:\\\/\\\/x.com\\\/itsvalue\",\"https:\\\/\\\/www.linkedin.com\\\/company\\\/its-value\\\/\",\"https:\\\/\\\/www.youtube.com\\\/channel\\\/UC1wL31VlMLU-KOaoxjUXN2A\"]}]}<\/script>\n<!-- \/ Yoast SEO plugin. -->","yoast_head_json":{"title":"Datenschutzrichtlinie - It's Value","robots":{"index":"index","follow":"follow","max-snippet":"max-snippet:-1","max-image-preview":"max-image-preview:large","max-video-preview":"max-video-preview:-1"},"canonical":"https:\/\/www.itsvalue.com\/de\/datenschutzbestimmungen\/","og_locale":"de_DE","og_type":"article","og_title":"Privacy Policy - It&#039;s Value","og_url":"https:\/\/www.itsvalue.com\/de\/datenschutzbestimmungen\/","og_site_name":"It&#039;s Value","article_modified_time":"2026-03-04T13:18:45+00:00","og_image":[{"width":1024,"height":532,"url":"https:\/\/www.itsvalue.com\/wp-content\/uploads\/2026\/03\/Scherm\u00adafbeelding-2026-03-26-om-11.05.36-1024x532.png","type":"image\/png"}],"twitter_card":"summary_large_image","twitter_site":"@itsvalue","twitter_misc":{"Gesch\u00e4tzte Lesezeit":"7\u00a0Minuten"},"schema":{"@context":"https:\/\/schema.org","@graph":[{"@type":"WebPage","@id":"https:\/\/www.itsvalue.com\/privacy-policy\/","url":"https:\/\/www.itsvalue.com\/privacy-policy\/","name":"Datenschutzrichtlinie - It's Value","isPartOf":{"@id":"https:\/\/www.itsvalue.com\/#website"},"datePublished":"2026-03-04T13:17:43+00:00","dateModified":"2026-03-04T13:18:45+00:00","breadcrumb":{"@id":"https:\/\/www.itsvalue.com\/privacy-policy\/#breadcrumb"},"inLanguage":"de","potentialAction":[{"@type":"ReadAction","target":["https:\/\/www.itsvalue.com\/privacy-policy\/"]}]},{"@type":"BreadcrumbList","@id":"https:\/\/www.itsvalue.com\/privacy-policy\/#breadcrumb","itemListElement":[{"@type":"ListItem","position":1,"name":"Home","item":"https:\/\/www.itsvalue.com\/"},{"@type":"ListItem","position":2,"name":"Privacy Policy"}]},{"@type":"WebSite","@id":"https:\/\/www.itsvalue.com\/#website","url":"https:\/\/www.itsvalue.com\/","name":"It's Value","description":"IT in Gesch\u00e4ftswert umwandeln","publisher":{"@id":"https:\/\/www.itsvalue.com\/#organization"},"potentialAction":[{"@type":"SearchAction","target":{"@type":"EntryPoint","urlTemplate":"https:\/\/www.itsvalue.com\/?s={search_term_string}"},"query-input":{"@type":"PropertyValueSpecification","valueRequired":true,"valueName":"search_term_string"}}],"inLanguage":"de"},{"@type":"Organization","@id":"https:\/\/www.itsvalue.com\/#organization","name":"Sein Wert","url":"https:\/\/www.itsvalue.com\/","logo":{"@type":"ImageObject","inLanguage":"de","@id":"https:\/\/www.itsvalue.com\/#\/schema\/logo\/image\/","url":"https:\/\/www.itsvalue.com\/wp-content\/uploads\/2026\/03\/Logo-ItsValue-gecentreerd-3.png","contentUrl":"https:\/\/www.itsvalue.com\/wp-content\/uploads\/2026\/03\/Logo-ItsValue-gecentreerd-3.png","width":2550,"height":451,"caption":"It's Value"},"image":{"@id":"https:\/\/www.itsvalue.com\/#\/schema\/logo\/image\/"},"sameAs":["https:\/\/x.com\/itsvalue","https:\/\/www.linkedin.com\/company\/its-value\/","https:\/\/www.youtube.com\/channel\/UC1wL31VlMLU-KOaoxjUXN2A"]}]}},"_links":{"self":[{"href":"https:\/\/www.itsvalue.com\/de\/wp-json\/wp\/v2\/pages\/94","targetHints":{"allow":["GET"]}}],"collection":[{"href":"https:\/\/www.itsvalue.com\/de\/wp-json\/wp\/v2\/pages"}],"about":[{"href":"https:\/\/www.itsvalue.com\/de\/wp-json\/wp\/v2\/types\/page"}],"author":[{"embeddable":true,"href":"https:\/\/www.itsvalue.com\/de\/wp-json\/wp\/v2\/users\/1"}],"replies":[{"embeddable":true,"href":"https:\/\/www.itsvalue.com\/de\/wp-json\/wp\/v2\/comments?post=94"}],"version-history":[{"count":3,"href":"https:\/\/www.itsvalue.com\/de\/wp-json\/wp\/v2\/pages\/94\/revisions"}],"predecessor-version":[{"id":97,"href":"https:\/\/www.itsvalue.com\/de\/wp-json\/wp\/v2\/pages\/94\/revisions\/97"}],"wp:attachment":[{"href":"https:\/\/www.itsvalue.com\/de\/wp-json\/wp\/v2\/media?parent=94"}],"curies":[{"name":"wp","href":"https:\/\/api.w.org\/{rel}","templated":true}]}}