{"id":28,"date":"2026-03-04T13:47:49","date_gmt":"2026-03-04T12:47:49","guid":{"rendered":"https:\/\/www.itsvalue.com\/?page_id=28"},"modified":"2026-03-25T15:36:36","modified_gmt":"2026-03-25T14:36:36","slug":"dienstleistungen","status":"publish","type":"page","link":"https:\/\/www.itsvalue.com\/de\/services\/","title":{"rendered":"Dienstleistungen"},"content":{"rendered":"<section class=\"section\" id=\"section_1830523895\">\n\t\t<div class=\"section-bg fill\" >\n\t\t\t<img loading=\"lazy\" decoding=\"async\" width=\"2560\" height=\"1707\" src=\"https:\/\/www.itsvalue.com\/wp-content\/uploads\/2026\/03\/people-working-in-sunny-modern-office-2026-01-09-09-08-49-utc-scaled.jpg\" class=\"bg attachment-original size-original\" alt=\"\" \/>\t\t\t\t\t\t<div class=\"section-bg-overlay absolute fill\"><\/div>\n\t\t\t\n\n\t\t<\/div>\n\n\t\t\n\n\t\t<div class=\"section-content relative\">\n\t\t\t\n<div class=\"row\"  id=\"row-1378044743\">\n\n\t<div id=\"col-502883599\" class=\"col small-12 large-12\"  >\n\t\t\t\t<div class=\"col-inner\"  >\n\t\t\t\n\t\t\t\n\t<div id=\"text-3562124854\" class=\"text\">\n\t\t\n<h1>Dienstleistungen<\/h1>\n\t\t\n<style>\n#text-3562124854 {\n  text-align: left;\n}\n<\/style>\n\t<\/div>\n\t\n\t\t<\/div>\n\t\t\t\t\n<style>\n#col-502883599 > .col-inner {\n  padding: 0px 0px 0px 30px;\n}\n<\/style>\n\t<\/div>\n\n\t\n<\/div>\n\t\t<\/div>\n\n\t\t\n<style>\n#section_1830523895 {\n  padding-top: 30px;\n  padding-bottom: 30px;\n  min-height: 400px;\n}\n#section_1830523895 .section-bg-overlay {\n  background-color: rgba(255, 255, 255, 0.657);\n}\n#section_1830523895 .section-bg img {\n  object-position: 47% 62%;\n}\n<\/style>\n\t<\/section>\n\t\n\n\t<section class=\"section\" id=\"section_1537462113\">\n\t\t<div class=\"section-bg fill\" >\n\t\t\t\t\t\t\t\t\t\n\t\t\t\n\n\t\t<\/div>\n\n\t\t\n\t<div class=\"ux-shape-divider ux-shape-divider--bottom ux-shape-divider--style-waves-opacity-2\">\n\t\t<svg viewbox=\"0 0 1000 300\" xmlns=\"http:\/\/www.w3.org\/2000\/svg\" preserveaspectratio=\"none\">\n  <path class=\"ux-shape-fill\" opacity=\"0.15\" d=\"M0 299L-2 19.9998C153 -16.0002 308 155 413 184C515.64 212.35 562 152 645 153C725 154 787 206 874 233C939.54 253.34 975 248 1000 244.61V299H0Z\"\/>\n  <path class=\"ux-shape-fill\" opacity=\"0.3\" d=\"M0 300L-2 34C155 -9.00003 300 178 403 212C504.11 245.38 562 165 645 166C725 167 790.09 220.07 874 253C939.21 278.59 978.07 269.72 1000 263.61V300H0Z\"\/>\n  <path class=\"ux-shape-fill\" d=\"M0 300L-1 69.7099C216 56.9999 299.47 198.86 403 226C506 253 577 196 660 197C740 198 790.09 234.07 874 267C935.23 291 982 282.61 1000 277.61V300H0Z\"\/>\n<\/svg>\n\t<\/div>\n\n\t\t<div class=\"section-content relative\">\n\t\t\t\n<div class=\"row row-small align-equal\"  id=\"row-716978065\">\n\n\t<div id=\"col-432195743\" class=\"col hoverBGblue medium-4 small-12 large-4\"  >\n\t\t\t\t<div class=\"col-inner box-shadow-2 box-shadow-4-hover dark\" style=\"background-color:#023b7e;\" >\n\t\t\t\n\t\t\t\n\n\t<a class=\"plain\" href=\"\/de\/dienstleistungen\/it-finanzmanagement\/\" >\t<div class=\"icon-box featured-box icon-box-center text-center\"  >\n\t\t\t\t\t<div class=\"icon-box-img\" style=\"width: 70px\">\n\t\t\t\t<div class=\"icon\">\n\t\t\t\t\t<div class=\"icon-inner\" style=\"color:#009640;\">\n\t\t\t\t\t\t<svg id=\"Layer_1\" enable-background=\"new 0 0 512 512\" height=\"512\" viewbox=\"0 0 512 512\" width=\"512\" xmlns=\"http:\/\/www.w3.org\/2000\/svg\"><path d=\"m447.038 70.508h-23.768c-1.633-4.217-5.721-7.221-10.508-7.221-4.577 0-6.382-3.5-6.827-4.573s-1.643-4.825 1.593-8.06c2.129-2.129 3.302-4.961 3.302-7.973 0-3.011-1.172-5.842-3.302-7.973l-9.202-9.202c-4.396-4.395-11.548-4.396-15.945 0-3.236 3.237-6.987 2.039-8.06 1.594-1.073-.444-4.573-2.25-4.573-6.827 0-6.216-5.058-11.274-11.274-11.274h-13.013c-6.216 0-11.273 5.058-11.273 11.274 0 4.577-3.5 6.383-4.573 6.827-1.072.444-4.824 1.642-8.062-1.596-4.396-4.393-11.548-4.393-15.943.001l-9.203 9.203c-2.128 2.13-3.301 4.961-3.301 7.972 0 3.012 1.173 5.843 3.302 7.972 3.236 3.236 2.038 6.988 1.594 8.061s-2.25 4.573-6.827 4.573c-4.787 0-8.875 3.003-10.508 7.221h-207.565c-20.768 0-37.663 16.896-37.663 37.663v245.181c0 20.768 16.896 37.663 37.663 37.663h120.547c-.355 23.236-5.941 46.62-12.21 60.655h-25.275c-14.151 0-25.665 11.513-25.665 25.665s11.514 25.666 25.665 25.666h199.672c14.152 0 25.665-11.513 25.665-25.665s-11.513-25.665-25.665-25.665h-25.346c-6.565-14.279-12.512-37.743-13.079-60.655h121.488c20.768 0 37.664-16.896 37.664-37.663v-253.315c-.001-16.283-13.246-29.529-29.525-29.529zm-153.137 6.615c7.627-.931 14.013-5.753 17.035-13.051 3.023-7.297 1.918-15.222-2.817-21.274l5.58-5.58c6.051 4.735 13.976 5.84 21.274 2.818 7.297-3.023 12.121-9.408 13.051-17.036h7.89c.931 7.627 5.754 14.013 13.051 17.036s15.223 1.917 21.274-2.818l5.58 5.58c-4.735 6.052-5.84 13.977-2.817 21.274 3.022 7.297 9.407 12.12 17.035 13.051v7.89c-7.627.931-14.012 5.753-17.035 13.051-3.023 7.297-1.918 15.223 2.817 21.274l-5.58 5.58c-6.051-4.735-13.976-5.839-21.274-2.818-7.297 3.023-12.12 9.408-13.051 17.035h-7.889c-.93-7.635-5.751-14.023-13.047-17.045-7.297-3.023-15.225-1.914-21.279 2.828l-5.58-5.58c4.735-6.052 5.84-13.977 2.817-21.274-3.022-7.297-9.408-12.12-17.035-13.051zm-220.799 7.385h206.799v3.066c0 6.216 5.058 11.274 11.274 11.274 4.577 0 6.382 3.5 6.827 4.573s1.643 4.825-1.594 8.061c-4.396 4.396-4.396 11.548 0 15.944l9.202 9.202c4.396 4.396 11.547 4.396 15.944 0 3.245-3.244 6.994-2.048 8.065-1.604 1.072.444 4.569 2.249 4.569 6.837 0 6.216 5.057 11.274 11.273 11.274h13.013c6.216 0 11.274-5.058 11.274-11.274 0-4.577 3.5-6.382 4.573-6.827 1.073-.444 4.825-1.643 8.062 1.595 4.397 4.396 11.549 4.395 15.944-.001l9.202-9.202c4.396-4.396 4.396-11.548 0-15.944-3.236-3.236-2.038-6.988-1.594-8.061s2.25-4.573 6.827-4.573c6.216 0 11.274-5.058 11.274-11.274v-3.066h23.001c8.56 0 15.524 6.966 15.524 15.529v215.986h-413.123v-207.852c0-13.048 10.616-23.663 23.664-23.663zm294.399 392.827c0 6.432-5.233 11.665-11.665 11.665h-199.672c-6.432 0-11.665-5.233-11.665-11.665s5.233-11.665 11.665-11.665h199.672c6.432 0 11.665 5.233 11.665 11.665zm-52.243-25.665h-118.662c6.543-17.131 10.737-39.91 11.051-60.655h95.763c.487 20.501 4.982 43.294 11.848 60.655zm123.64-74.655h-365.796c-13.048 0-23.663-10.615-23.663-23.663v-23.33h413.123v23.33c0 13.048-10.616 23.663-23.664 23.663zm-159.04-23.496c0 3.866-3.134 7-7 7h-33.716c-3.866 0-7-3.134-7-7s3.134-7 7-7h33.716c3.866 0 7 3.133 7 7zm72.111-234.188c21.099 0 38.264-17.165 38.264-38.263 0-21.099-17.165-38.264-38.264-38.264s-38.263 17.165-38.263 38.264c0 21.098 17.164 38.263 38.263 38.263zm0-62.527c13.379 0 24.264 10.885 24.264 24.264s-10.885 24.263-24.264 24.263-24.263-10.884-24.263-24.263 10.884-24.264 24.263-24.264zm-255.515 164.859c5.108 0 9.328 2.825 11.288 7.557s.974 9.714-2.637 13.326c-2.4 2.4-3.723 5.591-3.723 8.987 0 3.395 1.322 6.586 3.722 8.986l12.29 12.29c4.955 4.955 13.018 4.955 17.973 0 3.62-3.619 8.604-4.61 13.331-2.651 4.729 1.958 7.552 6.183 7.552 11.301 0 7.007 5.701 12.708 12.708 12.708h17.379c7.007 0 12.708-5.701 12.708-12.708 0-5.108 2.825-9.328 7.557-11.288 4.732-1.959 9.714-.974 13.325 2.637 2.4 2.4 5.591 3.723 8.987 3.723 3.395 0 6.586-1.322 8.986-3.722l12.289-12.29c2.4-2.4 3.723-5.591 3.723-8.986 0-3.396-1.322-6.587-3.722-8.986-3.612-3.612-4.598-8.594-2.638-13.326s6.18-7.557 11.288-7.557c7.007 0 12.708-5.701 12.708-12.708v-17.379c0-7.007-5.701-12.708-12.708-12.708-5.108 0-9.328-2.825-11.288-7.557s-.974-9.714 2.638-13.326c4.955-4.955 4.955-13.017 0-17.973l-12.29-12.29c-4.955-4.954-13.018-4.954-17.972 0-3.612 3.611-8.592 4.598-13.326 2.638-4.731-1.96-7.557-6.18-7.557-11.287 0-7.007-5.701-12.708-12.708-12.708h-17.379c-7.007 0-12.708 5.701-12.708 12.708 0 5.107-2.825 9.327-7.557 11.287s-9.714.975-13.327-2.638c-4.955-4.953-13.017-4.954-17.972 0l-12.29 12.29c-4.955 4.956-4.954 13.018 0 17.973 3.612 3.612 4.598 8.593 2.638 13.325s-6.18 7.558-11.288 7.558c-7.007 0-12.708 5.701-12.708 12.708v17.379c0 7.006 5.701 12.707 12.708 12.707zm1.292-28.826c10.246-.474 18.958-6.579 22.93-16.17 3.973-9.592 2.129-20.068-4.78-27.648l10.505-10.506c7.58 6.91 18.057 8.753 27.649 4.781 9.591-3.973 15.695-12.685 16.169-22.93h14.856c.474 10.246 6.578 18.957 16.169 22.93 9.591 3.972 20.068 2.129 27.649-4.781l10.505 10.506c-6.91 7.58-8.753 18.056-4.78 27.648s12.684 15.696 22.93 16.17v14.855c-10.246.474-18.957 6.578-22.93 16.169-3.973 9.592-2.13 20.068 4.78 27.649l-10.505 10.506c-7.58-6.91-18.057-8.754-27.648-4.78-9.592 3.973-15.696 12.684-16.17 22.93h-14.855c-.473-10.256-6.576-18.972-16.165-22.944-9.588-3.972-20.067-2.124-27.654 4.794l-10.505-10.506c6.91-7.58 8.753-18.057 4.78-27.649-3.973-9.591-12.684-15.695-22.93-16.169zm79.902 56.182c26.883 0 48.754-21.871 48.754-48.754s-21.871-48.754-48.754-48.754-48.754 21.871-48.754 48.754 21.871 48.754 48.754 48.754zm0-83.508c19.164 0 34.754 15.59 34.754 34.754s-15.59 34.754-34.754 34.754-34.754-15.59-34.754-34.754 15.59-34.754 34.754-34.754zm116.333 121.655c0-3.866 3.134-7 7-7h66.074c3.866 0 7 3.134 7 7s-3.134 7-7 7h-66.074c-3.866 0-7-3.134-7-7zm0-86.901c0-3.866 3.134-7 7-7h132.149c3.866 0 7 3.134 7 7s-3.134 7-7 7h-132.149c-3.866 0-7-3.134-7-7zm0 43.45c0-3.866 3.134-7 7-7h132.149c3.866 0 7 3.134 7 7s-3.134 7-7 7h-132.149c-3.866 0-7-3.133-7-7z\"\/><\/svg>\t\t\t\t\t<\/div>\n\t\t\t\t<\/div>\n\t\t\t<\/div>\n\t\t\t\t<div class=\"icon-box-text last-reset\">\n\t\t\t\t\t\t\t\t\t\n<h3>IT-Finanzmanagement (ITFM)<\/h3>\n<p>Mit unserer ITFM-Expertise unterst\u00fctzen wir Sie dabei, Ihren Gesch\u00e4ftserfolg zu steigern, indem wir Kosten, Qualit\u00e4t und Leistung Ihrer IT-Organisation besser in den Griff bekommen - egal ob On-Premise, hybrid oder in der Cloud.<\/p>\n\t\t<\/div>\n\t<\/div>\n\t<\/a>\n\t\n\t\t<\/div>\n\t\t\t\t\n<style>\n#col-432195743 > .col-inner {\n  padding: 30px 30px 30px 30px;\n  margin: 0px 0px 0px 0px;\n  border-radius: 20px;\n}\n@media (min-width:550px) {\n  #col-432195743 > .col-inner {\n    margin: -150px 0px 0px 0px;\n  }\n}\n<\/style>\n\t<\/div>\n\n\t\n\n\t<div id=\"col-1385719517\" class=\"col hoverBGblue medium-4 small-12 large-4\"  >\n\t\t\t\t<div class=\"col-inner box-shadow-2 box-shadow-4-hover dark\" style=\"background-color:#023b7e;\" >\n\t\t\t\n\t\t\t\n\n\t<a class=\"plain\" href=\"\/de\/dienstleistungen\/finops\/\" >\t<div class=\"icon-box featured-box \/services\/finops\/ icon-box-center text-center\"  >\n\t\t\t\t\t<div class=\"icon-box-img\" style=\"width: 70px\">\n\t\t\t\t<div class=\"icon\">\n\t\t\t\t\t<div class=\"icon-inner\" style=\"color:#009640;\">\n\t\t\t\t\t\t<svg enable-background=\"new 0 0 100 100\" height=\"512\" viewbox=\"0 0 100 100\" width=\"512\" xmlns=\"http:\/\/www.w3.org\/2000\/svg\"><g id=\"Layer_35\"><g><path d=\"m87.2 64.7c-2.9 0-5.3 2-6 4.7h-6.2v-11.4h.9c10.2 0 19.1-8.9 19.1-19 0-8.8-5.1-15.7-13.4-18.2-.8-6.4-5-11.6-11.1-13.9s-12.8-1-17.6 3.2c-4.7-2.1-10.5-2.1-15.7.1-4.5 1.9-7.9 5.3-9.5 9.4-3-.2-6 .8-8.3 2.9s-3.6 4.9-3.6 7.9c-6.3 1.5-10.8 7-10.8 13.7 0 7.6 6.4 14 14 14h6v11.3h-6.2c-.7-2.7-3.1-4.7-6-4.7-3.4 0-6.2 2.8-6.2 6.2s2.8 6.2 6.2 6.2c2.9 0 5.3-2 6-4.7h7.7c.8 0 1.5-.7 1.5-1.5v-12.9h8.8v15.5l-5.8 5.8c-.9-.6-2-.9-3.2-.9-3.4 0-6.2 2.8-6.2 6.2s2.8 6.2 6.2 6.2 6.2-2.8 6.2-6.2c0-1.2-.3-2.2-.9-3.2l6.1-6.1c.3-.3.4-.7.4-1.1v-16.2h8.8v24.1c-2.7.7-4.7 3.1-4.7 6 0 3.4 2.8 6.2 6.2 6.2s6.2-2.8 6.2-6.2c0-2.9-2-5.3-4.7-6v-24.1h8.8v16.2c0 .4.2.8.4 1.1l6.1 6.1c-.6.9-.9 2-.9 3.2 0 3.4 2.8 6.2 6.2 6.2s6.2-2.8 6.2-6.2-2.8-6.2-6.2-6.2c-1.2 0-2.2.3-3.2.9l-5.7-5.7v-15.6h8.9v12.8c0 .8.7 1.5 1.5 1.5h7.7c.7 2.7 3.1 4.7 6 4.7 3.4 0 6.2-2.8 6.2-6.2s-2.8-6.1-6.2-6.1zm-74.4 9.3c-1.7 0-3.2-1.4-3.2-3.2 0-1.7 1.4-3.2 3.2-3.2 1.7 0 3.2 1.4 3.2 3.2s-1.5 3.2-3.2 3.2zm15.1 13.7c-1.7 0-3.2-1.4-3.2-3.2 0-1.7 1.4-3.2 3.2-3.2 1.7 0 3.2 1.4 3.2 3.2-.1 1.8-1.5 3.2-3.2 3.2zm25.3.4c0 1.7-1.4 3.2-3.2 3.2-1.7 0-3.2-1.4-3.2-3.2 0-1.7 1.4-3.2 3.2-3.2 1.7 0 3.2 1.4 3.2 3.2zm22.1-3.6c0 1.7-1.4 3.2-3.2 3.2-1.7 0-3.2-1.4-3.2-3.2 0-1.7 1.4-3.2 3.2-3.2 1.8.1 3.2 1.5 3.2 3.2zm-67.3-40.4c0-5.7 3.9-10.2 9.6-10.9.8-.1 1.4-.8 1.3-1.6-.2-2.6.7-5 2.6-6.8 1.5-1.4 3.5-2.2 5.5-2.2.5 0 1 0 1.5.1.8.1 1.5-.3 1.7-1.1 1-3.7 4-6.9 8.2-8.7 4.7-2 10.1-1.9 14.1.2.6.3 1.3.2 1.8-.3 4-4 9.8-5.3 15.2-3.3 5.3 2 8.9 6.7 9.3 12.4 0 .6.5 1.2 1.1 1.3 7.5 2.1 12.1 8.1 12.1 15.8 0 8.5-7.5 16-16.1 16h-56.9c-6 0-11-5-11-10.9zm79.2 29.9c-1.7 0-3.2-1.4-3.2-3.2 0-1.7 1.4-3.2 3.2-3.2 1.7 0 3.2 1.4 3.2 3.2s-1.4 3.2-3.2 3.2z\"\/><\/g><\/g><\/svg>\t\t\t\t\t<\/div>\n\t\t\t\t<\/div>\n\t\t\t<\/div>\n\t\t\t\t<div class=\"icon-box-text last-reset\">\n\t\t\t\t\t\t\t\t\t\n<h3>FinOps<\/h3>\n<p>FinOps wurde entwickelt, um die Cloud-Ausgaben auf die gleiche Weise wie TBM zu verwalten. Der Einsatz von TBM und FinOps in einem bestimmten Unternehmen wird in erster Linie von den Merkmalen der IT-Ausgaben des jeweiligen Unternehmens abh\u00e4ngen.<\/p>\n\t\t<\/div>\n\t<\/div>\n\t<\/a>\n\t\n\t\t<\/div>\n\t\t\t\t\n<style>\n#col-1385719517 > .col-inner {\n  padding: 30px 30px 30px 30px;\n  margin: 0px 0px 0px 0px;\n  border-radius: 20px;\n}\n@media (min-width:550px) {\n  #col-1385719517 > .col-inner {\n    margin: -150px 0px 0px 0px;\n  }\n}\n<\/style>\n\t<\/div>\n\n\t\n\n\t<div id=\"col-1400225557\" class=\"col hoverBGblue medium-4 small-12 large-4\"  >\n\t\t\t\t<div class=\"col-inner box-shadow-2 box-shadow-4-hover dark\" style=\"background-color:#023b7e;\" >\n\t\t\t\n\t\t\t\n\n\t<a class=\"plain\" href=\"\/de\/dienstleistungen\/strategisches-portfolio-management\/\" >\t<div class=\"icon-box featured-box \/services\/strategic-portfolio-management\/ icon-box-center text-center\"  >\n\t\t\t\t\t<div class=\"icon-box-img\" style=\"width: 70px\">\n\t\t\t\t<div class=\"icon\">\n\t\t\t\t\t<div class=\"icon-inner\" style=\"color:#009640;\">\n\t\t\t\t\t\t<svg id=\"line\" viewbox=\"0 0 64 64\" xmlns=\"http:\/\/www.w3.org\/2000\/svg\"><path d=\"m31.5 27.26672v-16.20666a1 1 0 0 0 -2 0v16.20666a3.49366 3.49366 0 0 0 -2.5 3.3368 3.45621 3.45621 0 0 0 .45587 1.69281l-5.88263 6.04644a1 1 0 1 0 1.4336 1.39453l5.882-6.04534a3.45441 3.45441 0 0 0 1.61116.41156 3.4901 3.4901 0 0 0 1-6.8368zm-1 4.8368a1.5 1.5 0 1 1 1.5-1.5 1.50164 1.50164 0 0 1 -1.5 1.5z\"\/><path d=\"m30.60352 55.207a24.60352 24.60352 0 1 1 24.46801-27.153l-.95044-.95044a.99989.99989 0 0 0 -1.41409 1.41402l2.793 2.793a.99963.99963 0 0 0 1.41406 0l2.793-2.793a.99989.99989 0 1 0 -1.41406-1.41406l-1.19391 1.1939a26.59977 26.59977 0 1 0 -26.49557 28.90958 1 1 0 1 0 0-2z\"\/><path d=\"m48 36a12 12 0 1 0 12 12 12.01312 12.01312 0 0 0 -12-12zm0 22a10 10 0 1 1 10-10 10.01177 10.01177 0 0 1 -10 10z\"\/><path d=\"m50.16309 44.83691a1 1 0 0 0 2 0 3.53619 3.53619 0 0 0 -3.16309-3.33091v-.65637a1 1 0 0 0 -2 0v.68152a3.7306 3.7306 0 0 0 -3.10547 2.68664c-.166.81354-.16394 2.80439 3.10547 4.4209v3.80506a1.42538 1.42538 0 0 1 -1.16309-1.29529 1.00005 1.00005 0 0 0 -2 .01465 3.53619 3.53619 0 0 0 3.16309 3.33089v.65637a1 1 0 0 0 2 0v-.68152a3.7306 3.7306 0 0 0 3.10547-2.68664c.166-.81354.16394-2.80439-3.10547-4.4209v-3.80504a1.4216 1.4216 0 0 1 1.16309 1.28064zm-4.30957-.21777a1.62643 1.62643 0 0 1 1.14648-1.03101v2.73273c-.81744-.56744-1.2533-1.1795-1.14648-1.70172zm4.293 6.76172a1.62643 1.62643 0 0 1 -1.14652 1.03101v-2.73279c.8175.56744 1.2533 1.17956 1.14648 1.70178z\"\/><\/svg>\t\t\t\t\t<\/div>\n\t\t\t\t<\/div>\n\t\t\t<\/div>\n\t\t\t\t<div class=\"icon-box-text last-reset\">\n\t\t\t\t\t\t\t\t\t\n<h3>Strategisches Portfolio-Management (SPM)<\/h3>\n<p>Durch die Kombination von SPM mit TBM und ITFM erhalten Unternehmen eine leistungsstarke, durchg\u00e4ngige F\u00e4higkeit: von der Erkenntnis, wohin das Geld flie\u00dft, bis hin zur Entscheidung, wohin es flie\u00dfen soll.<\/p>\n\t\t<\/div>\n\t<\/div>\n\t<\/a>\n\t\n\t\t<\/div>\n\t\t\t\t\n<style>\n#col-1400225557 > .col-inner {\n  padding: 30px 30px 30px 30px;\n  margin: 0px 0px 0px 0px;\n  border-radius: 20px;\n}\n@media (min-width:550px) {\n  #col-1400225557 > .col-inner {\n    margin: -150px 0px 0px 0px;\n  }\n}\n<\/style>\n\t<\/div>\n\n\t\n<\/div>\n\t\t<\/div>\n\n\t\t\n<style>\n#section_1537462113 {\n  padding-top: 30px;\n  padding-bottom: 30px;\n}\n#section_1537462113 .ux-shape-divider--bottom svg {\n  height: 50px;\n  --divider-width: 100%;\n}\n@media (min-width:550px) {\n  #section_1537462113 .ux-shape-divider--bottom svg {\n    height: 150px;\n  }\n}\n<\/style>\n\t<\/section>\n\t\n\t<div id=\"gap-1249834299\" class=\"gap-element clearfix\" style=\"display:block; height:auto;\">\n\t\t\n<style>\n#gap-1249834299 {\n  padding-top: 30px;\n}\n<\/style>\n\t<\/div>","protected":false},"excerpt":{"rendered":"","protected":false},"author":1,"featured_media":0,"parent":0,"menu_order":0,"comment_status":"closed","ping_status":"closed","template":"page-blank.php","meta":{"footnotes":""},"class_list":["post-28","page","type-page","status-publish","hentry"],"yoast_head":"<!-- This site is optimized with the Yoast SEO plugin v27.5 - https:\/\/yoast.com\/product\/yoast-seo-wordpress\/ -->\n<title>Services - It&#039;s Value<\/title>\n<meta name=\"robots\" content=\"index, follow, max-snippet:-1, max-image-preview:large, max-video-preview:-1\" \/>\n<link rel=\"canonical\" href=\"https:\/\/www.itsvalue.com\/de\/dienstleistungen\/\" \/>\n<meta property=\"og:locale\" content=\"de_DE\" \/>\n<meta property=\"og:type\" content=\"article\" \/>\n<meta property=\"og:title\" content=\"Services - It&#039;s Value\" \/>\n<meta property=\"og:url\" content=\"https:\/\/www.itsvalue.com\/de\/dienstleistungen\/\" \/>\n<meta property=\"og:site_name\" content=\"It&#039;s Value\" \/>\n<meta property=\"article:modified_time\" content=\"2026-03-25T14:36:36+00:00\" \/>\n<meta property=\"og:image\" content=\"https:\/\/www.itsvalue.com\/wp-content\/uploads\/2026\/03\/Scherm\u00adafbeelding-2026-03-26-om-11.05.36-1024x532.png\" \/>\n\t<meta property=\"og:image:width\" content=\"1024\" \/>\n\t<meta property=\"og:image:height\" content=\"532\" \/>\n\t<meta property=\"og:image:type\" content=\"image\/png\" \/>\n<meta name=\"twitter:card\" content=\"summary_large_image\" \/>\n<meta name=\"twitter:site\" content=\"@itsvalue\" \/>\n<meta name=\"twitter:label1\" content=\"Gesch\u00e4tzte Lesezeit\" \/>\n\t<meta name=\"twitter:data1\" content=\"2\u00a0Minuten\" \/>\n<script type=\"application\/ld+json\" class=\"yoast-schema-graph\">{\"@context\":\"https:\\\/\\\/schema.org\",\"@graph\":[{\"@type\":\"WebPage\",\"@id\":\"https:\\\/\\\/www.itsvalue.com\\\/services\\\/\",\"url\":\"https:\\\/\\\/www.itsvalue.com\\\/services\\\/\",\"name\":\"Services - It&#039;s Value\",\"isPartOf\":{\"@id\":\"https:\\\/\\\/www.itsvalue.com\\\/#website\"},\"datePublished\":\"2026-03-04T12:47:49+00:00\",\"dateModified\":\"2026-03-25T14:36:36+00:00\",\"breadcrumb\":{\"@id\":\"https:\\\/\\\/www.itsvalue.com\\\/services\\\/#breadcrumb\"},\"inLanguage\":\"de\",\"potentialAction\":[{\"@type\":\"ReadAction\",\"target\":[\"https:\\\/\\\/www.itsvalue.com\\\/services\\\/\"]}]},{\"@type\":\"BreadcrumbList\",\"@id\":\"https:\\\/\\\/www.itsvalue.com\\\/services\\\/#breadcrumb\",\"itemListElement\":[{\"@type\":\"ListItem\",\"position\":1,\"name\":\"Home\",\"item\":\"https:\\\/\\\/www.itsvalue.com\\\/\"},{\"@type\":\"ListItem\",\"position\":2,\"name\":\"Services\"}]},{\"@type\":\"WebSite\",\"@id\":\"https:\\\/\\\/www.itsvalue.com\\\/#website\",\"url\":\"https:\\\/\\\/www.itsvalue.com\\\/\",\"name\":\"It&#039;s Value\",\"description\":\"Turning IT into Business Value\",\"publisher\":{\"@id\":\"https:\\\/\\\/www.itsvalue.com\\\/#organization\"},\"potentialAction\":[{\"@type\":\"SearchAction\",\"target\":{\"@type\":\"EntryPoint\",\"urlTemplate\":\"https:\\\/\\\/www.itsvalue.com\\\/?s={search_term_string}\"},\"query-input\":{\"@type\":\"PropertyValueSpecification\",\"valueRequired\":true,\"valueName\":\"search_term_string\"}}],\"inLanguage\":\"de\"},{\"@type\":\"Organization\",\"@id\":\"https:\\\/\\\/www.itsvalue.com\\\/#organization\",\"name\":\"It's Value\",\"url\":\"https:\\\/\\\/www.itsvalue.com\\\/\",\"logo\":{\"@type\":\"ImageObject\",\"inLanguage\":\"de\",\"@id\":\"https:\\\/\\\/www.itsvalue.com\\\/#\\\/schema\\\/logo\\\/image\\\/\",\"url\":\"https:\\\/\\\/www.itsvalue.com\\\/wp-content\\\/uploads\\\/2026\\\/03\\\/Logo-ItsValue-gecentreerd-3.png\",\"contentUrl\":\"https:\\\/\\\/www.itsvalue.com\\\/wp-content\\\/uploads\\\/2026\\\/03\\\/Logo-ItsValue-gecentreerd-3.png\",\"width\":2550,\"height\":451,\"caption\":\"It's Value\"},\"image\":{\"@id\":\"https:\\\/\\\/www.itsvalue.com\\\/#\\\/schema\\\/logo\\\/image\\\/\"},\"sameAs\":[\"https:\\\/\\\/x.com\\\/itsvalue\",\"https:\\\/\\\/www.linkedin.com\\\/company\\\/its-value\\\/\",\"https:\\\/\\\/www.youtube.com\\\/channel\\\/UC1wL31VlMLU-KOaoxjUXN2A\"]}]}<\/script>\n<!-- \/ Yoast SEO plugin. -->","yoast_head_json":{"title":"Dienstleistungen - It's Value","robots":{"index":"index","follow":"follow","max-snippet":"max-snippet:-1","max-image-preview":"max-image-preview:large","max-video-preview":"max-video-preview:-1"},"canonical":"https:\/\/www.itsvalue.com\/de\/dienstleistungen\/","og_locale":"de_DE","og_type":"article","og_title":"Services - It&#039;s Value","og_url":"https:\/\/www.itsvalue.com\/de\/dienstleistungen\/","og_site_name":"It&#039;s Value","article_modified_time":"2026-03-25T14:36:36+00:00","og_image":[{"width":1024,"height":532,"url":"https:\/\/www.itsvalue.com\/wp-content\/uploads\/2026\/03\/Scherm\u00adafbeelding-2026-03-26-om-11.05.36-1024x532.png","type":"image\/png"}],"twitter_card":"summary_large_image","twitter_site":"@itsvalue","twitter_misc":{"Gesch\u00e4tzte Lesezeit":"2\u00a0Minuten"},"schema":{"@context":"https:\/\/schema.org","@graph":[{"@type":"WebPage","@id":"https:\/\/www.itsvalue.com\/services\/","url":"https:\/\/www.itsvalue.com\/services\/","name":"Dienstleistungen - It's Value","isPartOf":{"@id":"https:\/\/www.itsvalue.com\/#website"},"datePublished":"2026-03-04T12:47:49+00:00","dateModified":"2026-03-25T14:36:36+00:00","breadcrumb":{"@id":"https:\/\/www.itsvalue.com\/services\/#breadcrumb"},"inLanguage":"de","potentialAction":[{"@type":"ReadAction","target":["https:\/\/www.itsvalue.com\/services\/"]}]},{"@type":"BreadcrumbList","@id":"https:\/\/www.itsvalue.com\/services\/#breadcrumb","itemListElement":[{"@type":"ListItem","position":1,"name":"Home","item":"https:\/\/www.itsvalue.com\/"},{"@type":"ListItem","position":2,"name":"Services"}]},{"@type":"WebSite","@id":"https:\/\/www.itsvalue.com\/#website","url":"https:\/\/www.itsvalue.com\/","name":"It's Value","description":"IT in Gesch\u00e4ftswert umwandeln","publisher":{"@id":"https:\/\/www.itsvalue.com\/#organization"},"potentialAction":[{"@type":"SearchAction","target":{"@type":"EntryPoint","urlTemplate":"https:\/\/www.itsvalue.com\/?s={search_term_string}"},"query-input":{"@type":"PropertyValueSpecification","valueRequired":true,"valueName":"search_term_string"}}],"inLanguage":"de"},{"@type":"Organization","@id":"https:\/\/www.itsvalue.com\/#organization","name":"Sein Wert","url":"https:\/\/www.itsvalue.com\/","logo":{"@type":"ImageObject","inLanguage":"de","@id":"https:\/\/www.itsvalue.com\/#\/schema\/logo\/image\/","url":"https:\/\/www.itsvalue.com\/wp-content\/uploads\/2026\/03\/Logo-ItsValue-gecentreerd-3.png","contentUrl":"https:\/\/www.itsvalue.com\/wp-content\/uploads\/2026\/03\/Logo-ItsValue-gecentreerd-3.png","width":2550,"height":451,"caption":"It's Value"},"image":{"@id":"https:\/\/www.itsvalue.com\/#\/schema\/logo\/image\/"},"sameAs":["https:\/\/x.com\/itsvalue","https:\/\/www.linkedin.com\/company\/its-value\/","https:\/\/www.youtube.com\/channel\/UC1wL31VlMLU-KOaoxjUXN2A"]}]}},"_links":{"self":[{"href":"https:\/\/www.itsvalue.com\/de\/wp-json\/wp\/v2\/pages\/28","targetHints":{"allow":["GET"]}}],"collection":[{"href":"https:\/\/www.itsvalue.com\/de\/wp-json\/wp\/v2\/pages"}],"about":[{"href":"https:\/\/www.itsvalue.com\/de\/wp-json\/wp\/v2\/types\/page"}],"author":[{"embeddable":true,"href":"https:\/\/www.itsvalue.com\/de\/wp-json\/wp\/v2\/users\/1"}],"replies":[{"embeddable":true,"href":"https:\/\/www.itsvalue.com\/de\/wp-json\/wp\/v2\/comments?post=28"}],"version-history":[{"count":9,"href":"https:\/\/www.itsvalue.com\/de\/wp-json\/wp\/v2\/pages\/28\/revisions"}],"predecessor-version":[{"id":945,"href":"https:\/\/www.itsvalue.com\/de\/wp-json\/wp\/v2\/pages\/28\/revisions\/945"}],"wp:attachment":[{"href":"https:\/\/www.itsvalue.com\/de\/wp-json\/wp\/v2\/media?parent=28"}],"curies":[{"name":"wp","href":"https:\/\/api.w.org\/{rel}","templated":true}]}}